{"id":474,"date":"2022-03-15T18:57:48","date_gmt":"2022-03-15T18:57:48","guid":{"rendered":"https:\/\/cribassanodelgrappa.it\/?page_id=474"},"modified":"2022-03-15T19:00:33","modified_gmt":"2022-03-15T19:00:33","slug":"strategia-2018-2030","status":"publish","type":"page","link":"https:\/\/cribassanodelgrappa.it\/index.php\/strategia-2018-2030\/","title":{"rendered":"Strategia 2018-2030"},"content":{"rendered":"\n<h2 class=\"has-text-align-center wp-block-heading\"><em>\u201cMettere al centro l\u2019essere umano \u00e8 da sempre il nostro imperativo. Da oggi lo facciamo con nuovi strumenti, maggiore forza e unit\u00e0. E con un unico importate obiettivo: assistere un numero crescente di persone che sono vulnerabili a causa dei molteplici cambiamenti sociali, economici e ambientali in atto\u201d<\/em><\/h2>\n\n\n\n<div class=\"wp-block-media-text alignwide is-stacked-on-mobile\" style=\"grid-template-columns:28% auto\"><figure class=\"wp-block-media-text__media\"><img loading=\"lazy\" decoding=\"async\" width=\"314\" height=\"160\" src=\"https:\/\/cribassanodelgrappa.it\/wp-content\/uploads\/2022\/03\/Francesco-Rocca.jpg\" alt=\"\" class=\"wp-image-475 size-full\" srcset=\"https:\/\/cribassanodelgrappa.it\/wp-content\/uploads\/2022\/03\/Francesco-Rocca.jpg 314w, https:\/\/cribassanodelgrappa.it\/wp-content\/uploads\/2022\/03\/Francesco-Rocca-300x153.jpg 300w\" sizes=\"auto, (max-width: 314px) 100vw, 314px\" \/><\/figure><div class=\"wp-block-media-text__content\">\n<p>Con queste parole il Presidente della Federazione Internazionale di Croce Rossa e Mezzaluna Rossa, nonch\u00e9 della CRI, avv. Francesco Rocca ha presentato a fine 2018 la Strategia 2018 \u2013 2030 della Croce Rossa Italiana.<\/p>\n\n\n\n<p>Richiamando di seguito i passi pi\u00f9 significativi della Strategia con riferimento ai Principi e Valori Umanitari ed il Diritto Internazionale Umanitario, si legge che: \u201cLa CRI ricopre un ruolo unico in Italia quale ausiliaria dei pubblici poteri nel campo umanitario [\u2026]. Questo speciale ruolo istituzionale, che deriva dalle Convenzioni di Ginevra, ci impone di rafforzare la trasparenza, la credibilit\u00e0 e l\u2019affidabilit\u00e0 della nostra azione sociale e umanitaria, nonch\u00e9 di consolidare un\u2019immagine positiva dell\u2019Associazione, valorizzando il suo impegno a stimolare il cambiamento sociale.\u201d<\/p>\n\n\n\n<p>Ed ancora: \u201cLa CRI s\u2019impegna a far rispettare e promuovere tra i suoi volontari e il personale i Principi Fondamentali e i Valori Umanitari in tutti i suoi interventi e attivit\u00e0. Nel nostro lavoro quotidiano mettiamo al centro le necessit\u00e0 ed i diritti di coloro che non hanno voce, allo scopo di contribuire attivamente a promuovere la dignit\u00e0 umana e la cultura della non violenza e della pace. Con le sue azioni di Diplomazia Umanitaria, la CRI si schiera costantemente a favore delle persone in situazione di vulnerabilit\u00e0 al fine di proteggere la dignit\u00e0 umana di tutti gli individui. [\u2026] La CRI condivide con gli altri membri del Movimento il mandato istituzionale di diffondere il Diritto Internazionale Umanitario, i Principi Fondamentali e i Valori Umanitari. A tal fine, l\u2019Associazione lavora in rete con tutte le componenti del Movimento, nonch\u00e9 con le Universit\u00e0, gli Ordini professionali ed i gruppi di esperti, per rimanere sempre aggiornata sugli ultimi orientamenti e sviluppi del Diritto Internazionale Umanitario e mantenere una solida cooperazione tramite lo scambio di buone pratiche.<\/p>\n\n\n\n<p>\u00c8 importante sfruttare le innovazioni tecnologiche per fare conoscere alle persone il Diritto Internazionale Umanitario e i Principi Fondamentali: l\u2019impegno della CRI punter\u00e0 a colmare il divario tra la conoscenza teorica della legge e gli strumenti di formazione pratici, quali ad esempio il materiale didattico su supporto digitale\u201d.<\/p>\n<\/div><\/div>\n\n\n\n<figure class=\"wp-block-embed is-type-video is-provider-youtube wp-block-embed-youtube wp-embed-aspect-16-9 wp-has-aspect-ratio\"><div class=\"wp-block-embed__wrapper\">\n<iframe loading=\"lazy\" title=\"STRATEGIA 2030 CROCE ROSSA ITALIANA- Guida il Cambiamento\" width=\"750\" height=\"422\" src=\"https:\/\/www.youtube.com\/embed\/Vo3Q5J3tXP8?start=8&#038;feature=oembed\" frameborder=\"0\" allow=\"accelerometer; autoplay; clipboard-write; encrypted-media; gyroscope; picture-in-picture\" allowfullscreen><\/iframe>\n<\/div><figcaption>STRATEGIA 2030<\/figcaption><\/figure>\n","protected":false},"excerpt":{"rendered":"<p>\u201cMettere al centro l\u2019essere umano \u00e8 da sempre il nostro imperativo. Da oggi lo facciamo con nuovi strumenti, maggiore forza e unit\u00e0. E con un unico importate obiettivo: assistere un numero crescente di persone che sono vulnerabili a causa dei molteplici cambiamenti sociali, economici e ambientali in atto\u201d Con queste [&hellip;]<\/p>\n","protected":false},"author":1,"featured_media":22,"parent":0,"menu_order":0,"comment_status":"closed","ping_status":"closed","template":"","meta":{"footnotes":""},"class_list":["post-474","page","type-page","status-publish","has-post-thumbnail","hentry"],"_links":{"self":[{"href":"https:\/\/cribassanodelgrappa.it\/index.php\/wp-json\/wp\/v2\/pages\/474","targetHints":{"allow":["GET"]}}],"collection":[{"href":"https:\/\/cribassanodelgrappa.it\/index.php\/wp-json\/wp\/v2\/pages"}],"about":[{"href":"https:\/\/cribassanodelgrappa.it\/index.php\/wp-json\/wp\/v2\/types\/page"}],"author":[{"embeddable":true,"href":"https:\/\/cribassanodelgrappa.it\/index.php\/wp-json\/wp\/v2\/users\/1"}],"replies":[{"embeddable":true,"href":"https:\/\/cribassanodelgrappa.it\/index.php\/wp-json\/wp\/v2\/comments?post=474"}],"version-history":[{"count":3,"href":"https:\/\/cribassanodelgrappa.it\/index.php\/wp-json\/wp\/v2\/pages\/474\/revisions"}],"predecessor-version":[{"id":480,"href":"https:\/\/cribassanodelgrappa.it\/index.php\/wp-json\/wp\/v2\/pages\/474\/revisions\/480"}],"wp:featuredmedia":[{"embeddable":true,"href":"https:\/\/cribassanodelgrappa.it\/index.php\/wp-json\/wp\/v2\/media\/22"}],"wp:attachment":[{"href":"https:\/\/cribassanodelgrappa.it\/index.php\/wp-json\/wp\/v2\/media?parent=474"}],"curies":[{"name":"wp","href":"https:\/\/api.w.org\/{rel}","templated":true}]}}