{"id":465,"date":"2022-03-15T18:48:59","date_gmt":"2022-03-15T18:48:59","guid":{"rendered":"https:\/\/cribassanodelgrappa.it\/?page_id=465"},"modified":"2022-03-15T18:50:24","modified_gmt":"2022-03-15T18:50:24","slug":"diritto-internazionale-umanitario","status":"publish","type":"page","link":"https:\/\/cribassanodelgrappa.it\/index.php\/diritto-internazionale-umanitario\/","title":{"rendered":"Diritto Internazionale Umanitario"},"content":{"rendered":"\n<h2 class=\"wp-block-heading\">DIU<\/h2>\n\n\n\n<div class=\"wp-block-media-text alignwide is-stacked-on-mobile\" style=\"grid-template-columns:40% auto\"><figure class=\"wp-block-media-text__media\"><img loading=\"lazy\" decoding=\"async\" width=\"1024\" height=\"1024\" src=\"https:\/\/cribassanodelgrappa.it\/wp-content\/uploads\/2022\/03\/inabzIG-13-1024x1024.jpg\" alt=\"\" class=\"wp-image-468 size-full\" srcset=\"https:\/\/cribassanodelgrappa.it\/wp-content\/uploads\/2022\/03\/inabzIG-13-1024x1024.jpg 1024w, https:\/\/cribassanodelgrappa.it\/wp-content\/uploads\/2022\/03\/inabzIG-13-300x300.jpg 300w, https:\/\/cribassanodelgrappa.it\/wp-content\/uploads\/2022\/03\/inabzIG-13-150x150.jpg 150w, https:\/\/cribassanodelgrappa.it\/wp-content\/uploads\/2022\/03\/inabzIG-13-768x768.jpg 768w, https:\/\/cribassanodelgrappa.it\/wp-content\/uploads\/2022\/03\/inabzIG-13-1536x1536.jpg 1536w, https:\/\/cribassanodelgrappa.it\/wp-content\/uploads\/2022\/03\/inabzIG-13-2048x2048.jpg 2048w\" sizes=\"auto, (max-width: 1024px) 100vw, 1024px\" \/><\/figure><div class=\"wp-block-media-text__content\">\n<p>\u201cIl Diritto Internazionale Umanitario (DIU) regola le relazioni tra Stati, Organizzazioni Internazionali ed altri soggetti di diritto internazionale durante un conflitto armato. Costituisce una parte importante del diritto internazionale pubblico, che comprende le regole consuetudinarie, nonch\u00e9 i trattati internazionali applicabili ai conflitti armati internazionali e non internazionali. Queste norme proteggono sia le persone che non prendono, o non prendono pi\u00f9, parte al conflitto, sia determinati beni civili, limitando le parti in conflitto nella scelta dei mezzi o metodi di combattimento.<\/p>\n\n\n\n<p>Il Comitato Internazionale della Croce Rossa (CICR\/ICRC) \u00e8 promotore e custode del Diritto Internazionale Umanitario. \u00c8 suo compito darne ampia diffusione sia all\u2019interno del Movimento sia all\u2019esterno, coadiuvato dall\u2019attivit\u00e0 di disseminazione delle Societ\u00e0 Nazionali.<\/p>\n\n\n\n<p><strong>Corsi di formazione e diffusione interna ed alle Forze Armate<\/strong><\/p>\n\n\n\n<p>L\u2019azione di disseminazione internamente all\u2019Associazione \u00e8 svolta attraverso l\u2019organizzazione di:<\/p>\n\n\n\n<ul class=\"wp-block-list\"><li>Corsi informativi DIU, tesi a fornire nozioni generali sulle norme e sui Principi del Diritto Internazionale Umanitario, nonch\u00e9 sul Movimento Internazionale della Croce Rossa e Mezzaluna Rossa;<\/li><li>Corsi informativi su temi monografici, ovvero approfondimenti o aggiornamenti su aspetti particolarmente rilevanti o di attualit\u00e0 in materia di Diritto Internazionale Umanitario;<\/li><li>Corsi formativi, rivolti sia a Volontari CRI (Corso per Istruttori DIU e Corsi di alta specializzazione) sia ad appartenenti alle Forze Armate (Corso DIU per Operatori Internazionali e Corso per Consigliere Qualificato per l\u2019applicazione del Diritto Internazionale Umanitario nei conflitti armati).<\/li><\/ul>\n\n\n\n<p>La Croce Rossa Italiana, inoltre, intrattiene l\u2019importante e prestigiosa collaborazione con l\u2019Istituto Internazionale di Diritto Umanitario di Sanremo, di cui \u00e8 membro del Consiglio di Amministrazione. L\u2019Istituto svolge rilevanti attivit\u00e0 di ricerca nel settore del Diritto Internazionale Umanitario attraverso l\u2019organizzazione di numerosi seminari, corsi formativi e di una Tavola Rotonda annuale cui partecipano svariate Societ\u00e0 Nazionali della Croce Rossa e Mezzaluna Rossa.<\/p>\n\n\n\n<p>La Croce Rossa Italiana fa anche parte della Commissione Nazionale per lo Studio e lo Sviluppo del Diritto Internazionale Umanitario, istituita a settembre 2021 con decreto del Ministero degli Affari Esteri e della Cooperazione Internazionale. La Commissione \u00e8 chiamata a valorizzare e incentivare lo studio del Diritto Internazionale Umanitario, anche attraverso attivit\u00e0 e iniziative mirate ad aumentare la conoscenza delle sue norme, sia tra Societ\u00e0 civile, sia tra coloro i quali sono chiamati ad applicarlo in concreto; a promuovere il dibattito e la consapevolezza etica circa la necessit\u00e0 della sua applicazione e tutela; e a rappresentare l\u2019Italia nei consessi internazionali ad esso dedicati.<\/p>\n<\/div><\/div>\n","protected":false},"excerpt":{"rendered":"<p>DIU \u201cIl Diritto Internazionale Umanitario (DIU) regola le relazioni tra Stati, Organizzazioni Internazionali ed altri soggetti di diritto internazionale durante un conflitto armato. Costituisce una parte importante del diritto internazionale pubblico, che comprende le regole consuetudinarie, nonch\u00e9 i trattati internazionali applicabili ai conflitti armati internazionali e non internazionali. Queste norme [&hellip;]<\/p>\n","protected":false},"author":1,"featured_media":22,"parent":0,"menu_order":0,"comment_status":"closed","ping_status":"closed","template":"","meta":{"footnotes":""},"class_list":["post-465","page","type-page","status-publish","has-post-thumbnail","hentry"],"_links":{"self":[{"href":"https:\/\/cribassanodelgrappa.it\/index.php\/wp-json\/wp\/v2\/pages\/465","targetHints":{"allow":["GET"]}}],"collection":[{"href":"https:\/\/cribassanodelgrappa.it\/index.php\/wp-json\/wp\/v2\/pages"}],"about":[{"href":"https:\/\/cribassanodelgrappa.it\/index.php\/wp-json\/wp\/v2\/types\/page"}],"author":[{"embeddable":true,"href":"https:\/\/cribassanodelgrappa.it\/index.php\/wp-json\/wp\/v2\/users\/1"}],"replies":[{"embeddable":true,"href":"https:\/\/cribassanodelgrappa.it\/index.php\/wp-json\/wp\/v2\/comments?post=465"}],"version-history":[{"count":1,"href":"https:\/\/cribassanodelgrappa.it\/index.php\/wp-json\/wp\/v2\/pages\/465\/revisions"}],"predecessor-version":[{"id":469,"href":"https:\/\/cribassanodelgrappa.it\/index.php\/wp-json\/wp\/v2\/pages\/465\/revisions\/469"}],"wp:featuredmedia":[{"embeddable":true,"href":"https:\/\/cribassanodelgrappa.it\/index.php\/wp-json\/wp\/v2\/media\/22"}],"wp:attachment":[{"href":"https:\/\/cribassanodelgrappa.it\/index.php\/wp-json\/wp\/v2\/media?parent=465"}],"curies":[{"name":"wp","href":"https:\/\/api.w.org\/{rel}","templated":true}]}}