{"id":42,"date":"2022-02-03T17:02:31","date_gmt":"2022-02-03T17:02:31","guid":{"rendered":"https:\/\/cribassanodelgrappa.it\/?page_id=42"},"modified":"2022-03-04T20:32:38","modified_gmt":"2022-03-04T20:32:38","slug":"principi","status":"publish","type":"page","link":"https:\/\/cribassanodelgrappa.it\/index.php\/principi\/","title":{"rendered":"Principi"},"content":{"rendered":"\n<h3 class=\"wp-block-heading\" id=\"la-storia-della-croce-rossa\">La storia della Croce Rossa<\/h3>\n\n\n\n<p><em>\u201cNell\u2019Ospedale e nelle chiese di Castiglione sono stati depositati, fianco a fianco, uomini di ogni nazione, Francesi, Austriaci, Tedeschi e Slavi, provvisoriamente confusi nel fondo delle cappelle. Non hanno nemmeno la forza di muoversi nello stretto spazio che occupano. (\u2026) Mi diceva qualcuno di questi infelici \u201cCi abbandonano, ci lasciano morire miseramente, eppure noi ci siamo battuti bene!\u201d. Malgrado le fatiche che hanno sopportato, malgrado le notti insonni, essi non riposano e, nella loro sventura, implorano il soccorso dei medici e si rotolano disperati nelle convulsioni che termineranno con il tetano e la morte\u201d.<\/em><\/p>\n\n\n\n<figure class=\"wp-block-image is-resized\"><img loading=\"lazy\" decoding=\"async\" src=\"https:\/\/cri.it\/wp-content\/uploads\/2018\/12\/5d7d2a237a4683e5c45b021802a448c4.jpg\" alt=\"Dunant\" width=\"130\" height=\"102\"\/><\/figure>\n\n\n\n<p>Henry Dunant&#8221;Un souvenir da Solferino&#8221;<\/p>\n\n\n\n<p>Il 24 giugno 1859, nel corso della 2\u00b0 Guerra di Indipendenza italiana, a Solferino si consuma una delle battaglie pi\u00f9 sanguinose dei XIX secolo, sulle colline a sud del Lago di Garda. Trecentomila soldati appartenenti a tre eserciti distinti (francese, sardo-piemontese e austriaco) si scontrano, lasciando sul terreno circa&nbsp;<strong>centomila fra morti, feriti e dispersi<\/strong>. Castiglione delle Stiviere \u00e8 il paese pi\u00f9 vicino, a sei chilometri da Solferino, dove esisteva gi\u00e0 un ospedale e la possibilit\u00e0 di accedere all\u2019acqua, elemento fondamentale nel soccorso improvvisato ai&nbsp;<strong>novemila feriti<\/strong>&nbsp;che, nei primi tre giorni, vengono appunto trasportati a Castiglione.<\/p>\n\n\n\n<p>L\u00ec si trova anche un&nbsp;<strong>cittadino svizzero<\/strong>,&nbsp;<strong>Jean&nbsp;<\/strong><strong>Henry Dunant<\/strong>, venuto ad incontrare per i suoi affari Napoleone III. Egli si ritrova coinvolto nella terribile carneficina, aggravato dall&#8217;\u201dinesistenza\u201d della sanit\u00e0 militare. Rimane talmente colpito dalla situazione che decide di descrivere quanto stesse accadendo in quello che diventer\u00e0, poi, il suo testo fondamentale: \u201c<strong>Un Souvenir de Solferino\u201d<\/strong>,&nbsp;<strong>tradotto in pi\u00f9 di 20 lingue<\/strong>.&nbsp;Dall\u2019orribile spettacolo nasce in Dunant l\u2019idea di creare una&nbsp;<strong>squadra di infermieri volontari preparati<\/strong>, il cui operato potesse dare un apporto fondamentale alla sanit\u00e0 militare<strong>: la Croce Rossa<\/strong>.<\/p>\n\n\n\n<p>Dal&nbsp;<strong>Convegno di Ginevra del 1863<\/strong>&nbsp;(26-29 ottobre) nascono le&nbsp;<strong>Societ\u00e0 Nazionali di Croce Rossa<\/strong>&nbsp;e la&nbsp;<strong>quinta a formarsi \u00e8 proprio quella italiana<\/strong>. Nella 1\u00b0 Conferenza diplomatica di Ginevra, che termina con la firma della&nbsp;<strong>Prima Convenzione di Ginevra (8-22 agosto 1864)<\/strong>, viene sancita la neutralit\u00e0 delle strutture e del personale sanitario.<\/p>\n\n\n\n<h3 class=\"wp-block-heading\"><\/h3>\n\n\n\n<h3 class=\"wp-block-heading\" id=\"i-principi\"><strong>I Principi<\/strong><\/h3>\n\n\n\n<p>Guida e faro delle azioni dei Volontari della Croce Rossa sono i&nbsp;&nbsp;<strong>sette Principi Fondamentali<\/strong>&nbsp;del&nbsp;<strong>Movimento Internazionale di Croce Rossa e Mezzaluna Rossa<\/strong>, che ne costituiscono lo spirito e l\u2019etica:&nbsp;<strong>Umanit\u00e0, Imparzialit\u00e0, Neutralit\u00e0, Indipendenza, Volontariato, Unit\u00e0 e Universalit\u00e0<\/strong>. Adottati nella 20\u00aa Conferenza Internazionale della Croce Rossa, svoltasi a Vienna nell\u2019<strong>ottobre del 1965<\/strong>, i Principi Fondamentali sono garanti dell\u2019azione del Movimento, ma anche della&nbsp;CRI&nbsp;e di ogni suo Volontario e aderente.<\/p>\n\n\n\n<div class=\"wp-block-group\"><div class=\"wp-block-group__inner-container is-layout-flow wp-block-group-is-layout-flow\">\n<figure class=\"wp-block-table is-style-regular\"><table><thead><tr><th class=\"has-text-align-center\" data-align=\"center\">UMANITA&#8217;<\/th><\/tr><\/thead><tbody><tr><td class=\"has-text-align-center\" data-align=\"center\"><img loading=\"lazy\" decoding=\"async\" width=\"150\" height=\"148\" class=\"wp-image-195\" style=\"width: 150px;\" src=\"https:\/\/cribassanodelgrappa.it\/wp-content\/uploads\/2022\/03\/Umanita.png\" alt=\"\"><\/td><\/tr><tr><td class=\"has-text-align-center\" data-align=\"center\">Nato dall\u2019intento di portare soccorso senza discriminazioni ai feriti sui campi di battaglia, il Movimento Internazionale della Croce Rossa e Mezzaluna Rossa, in campo internazionale e nazionale, si adopera per prevenire e lenire in ogni circostanza le sofferenze degli uomini, per far rispettare la persona umana e proteggerne la vita e la salute; favorisce la comprensione reciproca, l\u2019amicizia, la cooperazione e la pace duratura fra tutti i popoli.<\/td><\/tr><\/tbody><\/table><\/figure>\n<\/div><\/div>\n\n\n\n<figure class=\"wp-block-table\"><table><thead><tr><th class=\"has-text-align-center\" data-align=\"center\">IMPARZIALITA&#8217;<\/th><\/tr><\/thead><tbody><tr><td class=\"has-text-align-center\" data-align=\"center\"><img loading=\"lazy\" decoding=\"async\" width=\"150\" height=\"148\" class=\"wp-image-198\" style=\"width: 150px;\" src=\"https:\/\/cribassanodelgrappa.it\/wp-content\/uploads\/2022\/03\/Imparzialita.png\" alt=\"\"><\/td><\/tr><tr><td class=\"has-text-align-center\" data-align=\"center\">Il Movimento non fa alcuna distinzione di nazionalit\u00e0, razza, religione, classe o opinioni politiche. Si sforza di alleviare le sofferenze delle persone unicamente in base ai loro bisogni, dando la priorit\u00e0 ai casi pi\u00f9 urgenti.<\/td><\/tr><\/tbody><\/table><\/figure>\n\n\n\n<figure class=\"wp-block-table\"><table><thead><tr><th class=\"has-text-align-center\" data-align=\"center\">NEUTRALITA&#8217;<\/th><\/tr><\/thead><tbody><tr><td class=\"has-text-align-center\" data-align=\"center\"><img loading=\"lazy\" decoding=\"async\" width=\"150\" height=\"148\" class=\"wp-image-205\" style=\"width: 150px;\" src=\"https:\/\/cribassanodelgrappa.it\/wp-content\/uploads\/2022\/03\/neutralita.png\" alt=\"\"><\/td><\/tr><tr><td class=\"has-text-align-center\" data-align=\"center\">Al fine di continuare a godere della fiducia di tutti, il Movimento si astiene dal partecipare alle ostilit\u00e0 di qualsiasi genere e alle controversie di ordine politico, razziale e religioso.<\/td><\/tr><\/tbody><\/table><\/figure>\n\n\n\n<figure class=\"wp-block-table\"><table><thead><tr><th class=\"has-text-align-center\" data-align=\"center\">INDIPENDENZA<\/th><\/tr><\/thead><tbody><tr><td class=\"has-text-align-center\" data-align=\"center\"><img loading=\"lazy\" decoding=\"async\" width=\"150\" height=\"148\" class=\"wp-image-208\" style=\"width: 150px;\" src=\"https:\/\/cribassanodelgrappa.it\/wp-content\/uploads\/2022\/03\/indipendenza.png\" alt=\"\"><\/td><\/tr><tr><td class=\"has-text-align-center\" data-align=\"center\">Il Movimento \u00e8 indipendente. Le Societ\u00e0 Nazionali, quali ausiliari dei servizi umanitari dei loro governi e soggetti alle leggi dei rispettivi Paesi, devono sempre mantenere la loro autonomia in modo che possano essere in grado in ogni momento di agire in conformit\u00e0 con i principi del Movimento.<\/td><\/tr><\/tbody><\/table><\/figure>\n\n\n\n<figure class=\"wp-block-table\"><table><thead><tr><th class=\"has-text-align-center\" data-align=\"center\">VOLONTARIETA&#8217;<\/th><\/tr><\/thead><tbody><tr><td class=\"has-text-align-center\" data-align=\"center\"><img loading=\"lazy\" decoding=\"async\" width=\"150\" height=\"148\" class=\"wp-image-209\" style=\"width: 150px;\" src=\"https:\/\/cribassanodelgrappa.it\/wp-content\/uploads\/2022\/03\/volontarieta.png\" alt=\"\"><\/td><\/tr><tr><td class=\"has-text-align-center\" data-align=\"center\">Il Movimento \u00e8 un\u2019istituzione di soccorso volontario non guidato dal desiderio di guadagno.<\/td><\/tr><\/tbody><\/table><\/figure>\n\n\n\n<figure class=\"wp-block-table\"><table><thead><tr><th class=\"has-text-align-center\" data-align=\"center\">UNITA&#8217;<\/th><\/tr><\/thead><tbody><tr><td class=\"has-text-align-center\" data-align=\"center\"><img loading=\"lazy\" decoding=\"async\" width=\"150\" height=\"148\" class=\"wp-image-210\" style=\"width: 150px;\" src=\"https:\/\/cribassanodelgrappa.it\/wp-content\/uploads\/2022\/03\/unita.png\" alt=\"\"><\/td><\/tr><tr><td class=\"has-text-align-center\" data-align=\"center\">Nel territorio nazionale ci pu\u00f2 essere una sola associazione di Croce Rossa, aperta a tutti e con estensione della sua azione umanitaria all\u2019intero territorio nazionale.<\/td><\/tr><\/tbody><\/table><\/figure>\n\n\n\n<figure class=\"wp-block-table\"><table><thead><tr><th class=\"has-text-align-center\" data-align=\"center\">UNIVERSALITA&#8217;<\/th><\/tr><\/thead><tbody><tr><td class=\"has-text-align-center\" data-align=\"center\"><img loading=\"lazy\" decoding=\"async\" width=\"150\" height=\"148\" class=\"wp-image-211\" style=\"width: 150px;\" src=\"https:\/\/cribassanodelgrappa.it\/wp-content\/uploads\/2022\/03\/universalita.png\" alt=\"\"><\/td><\/tr><tr><td class=\"has-text-align-center\" data-align=\"center\">Il Movimento internazionale della Croce Rossa e Mezzaluna Rossa, in seno al quale tutte le societ\u00e0 nazionali hanno uguali diritti e il dovere di aiutarsi reciprocamente, \u00e8 universale.<br><\/td><\/tr><\/tbody><\/table><\/figure>\n\n\n\n<div class=\"wp-block-columns is-layout-flex wp-container-core-columns-is-layout-9d6595d7 wp-block-columns-is-layout-flex\">\n<div class=\"wp-block-column is-layout-flow wp-block-column-is-layout-flow\"><\/div>\n\n\n\n<div class=\"wp-block-column is-layout-flow wp-block-column-is-layout-flow\"><\/div>\n<\/div>\n","protected":false},"excerpt":{"rendered":"<p>La storia della Croce Rossa \u201cNell\u2019Ospedale e nelle chiese di Castiglione sono stati depositati, fianco a fianco, uomini di ogni nazione, Francesi, Austriaci, Tedeschi e Slavi, provvisoriamente confusi nel fondo delle cappelle. Non hanno nemmeno la forza di muoversi nello stretto spazio che occupano. (\u2026) Mi diceva qualcuno di questi [&hellip;]<\/p>\n","protected":false},"author":1,"featured_media":59,"parent":0,"menu_order":0,"comment_status":"closed","ping_status":"closed","template":"","meta":{"footnotes":""},"class_list":["post-42","page","type-page","status-publish","has-post-thumbnail","hentry"],"_links":{"self":[{"href":"https:\/\/cribassanodelgrappa.it\/index.php\/wp-json\/wp\/v2\/pages\/42","targetHints":{"allow":["GET"]}}],"collection":[{"href":"https:\/\/cribassanodelgrappa.it\/index.php\/wp-json\/wp\/v2\/pages"}],"about":[{"href":"https:\/\/cribassanodelgrappa.it\/index.php\/wp-json\/wp\/v2\/types\/page"}],"author":[{"embeddable":true,"href":"https:\/\/cribassanodelgrappa.it\/index.php\/wp-json\/wp\/v2\/users\/1"}],"replies":[{"embeddable":true,"href":"https:\/\/cribassanodelgrappa.it\/index.php\/wp-json\/wp\/v2\/comments?post=42"}],"version-history":[{"count":11,"href":"https:\/\/cribassanodelgrappa.it\/index.php\/wp-json\/wp\/v2\/pages\/42\/revisions"}],"predecessor-version":[{"id":212,"href":"https:\/\/cribassanodelgrappa.it\/index.php\/wp-json\/wp\/v2\/pages\/42\/revisions\/212"}],"wp:featuredmedia":[{"embeddable":true,"href":"https:\/\/cribassanodelgrappa.it\/index.php\/wp-json\/wp\/v2\/media\/59"}],"wp:attachment":[{"href":"https:\/\/cribassanodelgrappa.it\/index.php\/wp-json\/wp\/v2\/media?parent=42"}],"curies":[{"name":"wp","href":"https:\/\/api.w.org\/{rel}","templated":true}]}}